{"id":40,"date":"2024-01-05T07:17:47","date_gmt":"2024-01-05T06:17:47","guid":{"rendered":"https:\/\/www.schrattenecker-consulting.com\/224\/?page_id=40"},"modified":"2024-01-19T16:47:45","modified_gmt":"2024-01-19T15:47:45","slug":"engagement","status":"publish","type":"page","link":"https:\/\/www.schrattenecker-consulting.com\/224\/engagement","title":{"rendered":"Engagement"},"content":{"rendered":"\n<div class=\"wp-block-cover alignfull has-custom-content-position is-position-bottom-center\" style=\"padding-top:35vh;padding-bottom:0px;min-height:50px;aspect-ratio:unset;\"><span aria-hidden=\"true\" class=\"wp-block-cover__background has-ast-global-color-3-background-color has-background-dim-20 has-background-dim\"><\/span><img loading=\"lazy\" decoding=\"async\" width=\"2400\" height=\"1200\" class=\"wp-block-cover__image-background wp-image-431\" alt=\"\" src=\"https:\/\/www.schrattenecker-consulting.com\/224\/wp-content\/uploads\/2024\/01\/schrattenecker-consulting_uni-blenden.webp\" data-object-fit=\"cover\" srcset=\"https:\/\/www.schrattenecker-consulting.com\/224\/wp-content\/uploads\/2024\/01\/schrattenecker-consulting_uni-blenden.webp 2400w, https:\/\/www.schrattenecker-consulting.com\/224\/wp-content\/uploads\/2024\/01\/schrattenecker-consulting_uni-blenden-300x150.webp 300w, https:\/\/www.schrattenecker-consulting.com\/224\/wp-content\/uploads\/2024\/01\/schrattenecker-consulting_uni-blenden-1024x512.webp 1024w, https:\/\/www.schrattenecker-consulting.com\/224\/wp-content\/uploads\/2024\/01\/schrattenecker-consulting_uni-blenden-768x384.webp 768w, https:\/\/www.schrattenecker-consulting.com\/224\/wp-content\/uploads\/2024\/01\/schrattenecker-consulting_uni-blenden-1536x768.webp 1536w, https:\/\/www.schrattenecker-consulting.com\/224\/wp-content\/uploads\/2024\/01\/schrattenecker-consulting_uni-blenden-2048x1024.webp 2048w\" sizes=\"auto, (max-width: 2400px) 100vw, 2400px\" \/><div class=\"wp-block-cover__inner-container is-layout-constrained wp-block-cover-is-layout-constrained\">\n<div class=\"wp-block-columns is-layout-flex wp-container-core-columns-is-layout-cce85c8d wp-block-columns-is-layout-flex\" style=\"margin-top:0px;margin-bottom:0px;padding-top:0px;padding-right:0px;padding-bottom:0px;padding-left:0px\">\n<div class=\"wp-block-column has-ast-global-color-5-background-color has-background is-layout-flow wp-block-column-is-layout-flow\" style=\"border-right-style:none;border-right-width:0px;padding-top:var(--wp--preset--spacing--80);padding-right:var(--wp--preset--spacing--60);padding-bottom:var(--wp--preset--spacing--30);padding-left:var(--wp--preset--spacing--60);flex-basis:100%\">\n<h1 class=\"wp-block-heading has-ast-global-color-2-color has-text-color has-link-color has-x-large-font-size wp-elements-2bf4624d9189a979f6ae1cbe75e13dd7\" style=\"margin-top:0px;margin-bottom:0px;padding-top:0px;padding-bottom:0px\">Unser Engagement<\/h1>\n<\/div>\n<\/div>\n<\/div><\/div>\n\n\n\n<div class=\"wp-block-cover alignfull\" style=\"margin-top:0px;margin-bottom:0px;padding-top:0px;padding-right:0px;padding-bottom:0px;padding-left:0px\"><span aria-hidden=\"true\" class=\"wp-block-cover__background has-ast-global-color-4-background-color has-background-dim-100 has-background-dim\"><\/span><div class=\"wp-block-cover__inner-container is-layout-constrained wp-container-core-cover-is-layout-3228b377 wp-block-cover-is-layout-constrained\">\n<div class=\"wp-block-cover alignfull has-custom-content-position is-position-top-center\" style=\"border-bottom-color:var(--wp--preset--color--ast-global-color-5);border-bottom-width:5px;padding-top:0;padding-right:0;padding-bottom:var(--wp--preset--spacing--80);padding-left:0\"><span aria-hidden=\"true\" class=\"wp-block-cover__background has-ast-global-color-5-background-color has-background-dim-100 has-background-dim\"><\/span><div class=\"wp-block-cover__inner-container is-layout-constrained wp-container-core-cover-is-layout-cc72aa23 wp-block-cover-is-layout-constrained\">\n<div class=\"wp-block-uagb-container uagb-block-8960acab alignfull uagb-is-root-container\"><div class=\"uagb-container-inner-blocks-wrap\">\n<h2 class=\"wp-block-heading has-text-align-left has-ast-global-color-2-color has-text-color has-link-color has-medium-font-size wp-elements-556b69b91c120df9ab7af5d371c10e99\">Schrattenecker <strong>Consulting<\/strong> GmbH<\/h2>\n<\/div><\/div>\n\n\n\n<div class=\"wp-block-uagb-container uagb-block-133cd093 alignfull uagb-is-root-container\"><div class=\"uagb-container-inner-blocks-wrap\">\n<p class=\"has-ast-global-color-3-color has-text-color has-link-color has-medium-font-size wp-elements-a29c19a48e45bafe3ba4f0106d6b9a39\">Wir unterst\u00fctzen&#8230;<\/p>\n\n\n\n<div class=\"wp-block-uagb-info-box uagb-block-21e4449d uagb-infobox__content-wrap  uagb-infobox-icon-left uagb-infobox-left uagb-infobox-stacked-mobile uagb-infobox-image-valign-top\"><div class=\"uagb-ifb-image-content\"><img decoding=\"async\" src=\"https:\/\/www.schrattenecker-consulting.com\/224\/wp-content\/uploads\/2024\/01\/momo_kinderhospiz-300x105.jpg\" alt=\"\" width=\"240\" height=\"84\" loading=\"lazy\"\/><\/div><div class=\"uagb-ifb-content\"><div class=\"uagb-ifb-title-wrap\"><\/div><p class=\"uagb-ifb-desc\">Das&nbsp;<strong>Kinderhospiz MOMO<\/strong>&nbsp;betreut schwerstkranke Kinder und ihre Familien zu Hause &#8211; individuell ganz nach ihren Bed\u00fcrfnissen. Das MOMO-Team vernetzt sich mit Fachleuten um betroffene Familien bestm\u00f6glich begleiten zu k\u00f6nnen.<\/p><div class=\"uagb-ifb-button-wrapper wp-block-button\"><a href=\"http:\/\/www.kinderhospizmomo.at\/\" target=\"_blank\" onclick=\"return true;\" class=\"uagb-infobox-cta-link\" rel=\"noopener noreferrer\" alt=\"\"><svg xmlns=\"https:\/\/www.w3.org\/2000\/svg\" viewBox=\"0 0 320 512\"><path d=\"M96 480c-8.188 0-16.38-3.125-22.62-9.375c-12.5-12.5-12.5-32.75 0-45.25L242.8 256L73.38 86.63c-12.5-12.5-12.5-32.75 0-45.25s32.75-12.5 45.25 0l192 192c12.5 12.5 12.5 32.75 0 45.25l-192 192C112.4 476.9 104.2 480 96 480z\"><\/path><\/svg><span class=\"uagb-inline-editing\">kinderhospizmomo.at<\/span><\/a><\/div><\/div><\/div>\n\n\n\n<div style=\"height:15px\" aria-hidden=\"true\" class=\"wp-block-spacer\"><\/div>\n\n\n\n<div class=\"wp-block-uagb-info-box uagb-block-8e5b0850 uagb-infobox__content-wrap  uagb-infobox-icon-left uagb-infobox-left uagb-infobox-stacked-mobile uagb-infobox-image-valign-top\"><div class=\"uagb-ifb-image-content\"><img decoding=\"async\" src=\"https:\/\/www.schrattenecker-consulting.com\/224\/wp-content\/uploads\/2024\/01\/logo-caritas.svg\" alt=\"\" width=\"240\" height=\"60\" loading=\"lazy\"\/><\/div><div class=\"uagb-ifb-content\"><div class=\"uagb-ifb-title-wrap\"><\/div><p class=\"uagb-ifb-desc\">Die\u00a0<strong>Caritas Salzburg<\/strong>\u00a0Caritas hilft mit Spenden und vielf\u00e4ltigen Dienstleistungen Menschen in Not &#8211; unabh\u00e4ngig von Religion, Weltanschauung oder Herkunft: Von mobiler und station\u00e4rer Pflege \u00fcber Angebote f\u00fcr Menschen mit Behinderung bis hin zu sozialer Arbeit mit Kindern, Jugendlichen und Erwachsenen.<\/p><div class=\"uagb-ifb-button-wrapper wp-block-button\"><a href=\"https:\/\/www.caritas-salzburg.at\/\" target=\"_blank\" onclick=\"return true;\" class=\"uagb-infobox-cta-link\" rel=\"noopener noreferrer\" alt=\"\"><svg xmlns=\"https:\/\/www.w3.org\/2000\/svg\" viewBox=\"0 0 320 512\"><path d=\"M96 480c-8.188 0-16.38-3.125-22.62-9.375c-12.5-12.5-12.5-32.75 0-45.25L242.8 256L73.38 86.63c-12.5-12.5-12.5-32.75 0-45.25s32.75-12.5 45.25 0l192 192c12.5 12.5 12.5 32.75 0 45.25l-192 192C112.4 476.9 104.2 480 96 480z\"><\/path><\/svg><span class=\"uagb-inline-editing\">caritas-salzburg.at<\/span><\/a><\/div><\/div><\/div>\n\n\n\n<div style=\"height:15px\" aria-hidden=\"true\" class=\"wp-block-spacer\"><\/div>\n\n\n\n<div class=\"wp-block-uagb-info-box uagb-block-8b22c8bb uagb-infobox__content-wrap  uagb-infobox-icon-left uagb-infobox-left uagb-infobox-stacked-mobile uagb-infobox-image-valign-top\"><div class=\"uagb-ifb-image-content\"><img decoding=\"async\" src=\"https:\/\/www.schrattenecker-consulting.com\/224\/wp-content\/uploads\/2024\/01\/logo_kinder-haben-zukunft.svg\" alt=\"\" width=\"240\" height=\"80\" loading=\"lazy\"\/><\/div><div class=\"uagb-ifb-content\"><div class=\"uagb-ifb-title-wrap\"><\/div><p class=\"uagb-ifb-desc\"><strong>Kinder haben Zukunft<\/strong>\u00a0hilft mit Ihren Spenden Kindern direkt und wo sie es am N\u00f6tigsten haben: zentral ist die Deckung der Grundbed\u00fcrfnisse wie Essen, Kleidung, M\u00f6bel, Energie und Haushaltsger\u00e4te, Gesundheit, Bildung und die soziale Eingliederung \u00fcber Sport und Freizeitaktivit\u00e4ten.<\/p><div class=\"uagb-ifb-button-wrapper wp-block-button\"><a href=\"https:\/\/www.kinder-haben-zukunft.at\/\" target=\"_blank\" onclick=\"return true;\" class=\"uagb-infobox-cta-link\" rel=\"noopener noreferrer\" alt=\"\"><svg xmlns=\"https:\/\/www.w3.org\/2000\/svg\" viewBox=\"0 0 320 512\"><path d=\"M96 480c-8.188 0-16.38-3.125-22.62-9.375c-12.5-12.5-12.5-32.75 0-45.25L242.8 256L73.38 86.63c-12.5-12.5-12.5-32.75 0-45.25s32.75-12.5 45.25 0l192 192c12.5 12.5 12.5 32.75 0 45.25l-192 192C112.4 476.9 104.2 480 96 480z\"><\/path><\/svg><span class=\"uagb-inline-editing\">kinder-haben-zukunft.at<\/span><\/a><\/div><\/div><\/div>\n\n\n\n<div style=\"height:15px\" aria-hidden=\"true\" class=\"wp-block-spacer\"><\/div>\n\n\n\n<div class=\"wp-block-uagb-buttons uagb-buttons__outer-wrap uagb-btn__default-btn uagb-btn-tablet__default-btn uagb-btn-mobile__default-btn uagb-block-ff082925\"><div class=\"uagb-buttons__wrap uagb-buttons-layout-wrap\">\n<div class=\"wp-block-uagb-buttons-child uagb-buttons__outer-wrap uagb-block-f3028662 wp-block-button\"><div class=\"uagb-button__wrapper\"><a class=\"uagb-buttons-repeater wp-block-button__link\" href=\"https:\/\/www.schrattenecker-consulting.com\/224\/stellenangebote\" onclick=\"return true;\" rel=\"follow noopener\" target=\"_self\"><div class=\"uagb-button__link\">aktuelle Stellenangebote<\/div><\/a><\/div><\/div>\n\n\n\n<div class=\"wp-block-uagb-buttons-child uagb-buttons__outer-wrap uagb-block-48dd11ea wp-block-button\"><div class=\"uagb-button__wrapper\"><a class=\"uagb-buttons-repeater wp-block-button__link\" href=\"https:\/\/www.schrattenecker-consulting.com\/224\/kontakt\" onclick=\"return true;\" rel=\"follow noopener\" target=\"_self\"><div class=\"uagb-button__link\">Kontakt aufnehmen<\/div><\/a><\/div><\/div>\n<\/div><\/div>\n<\/div><\/div>\n<\/div><\/div>\n<\/div><\/div>\n","protected":false},"excerpt":{"rendered":"","protected":false},"author":1,"featured_media":0,"parent":0,"menu_order":60,"comment_status":"closed","ping_status":"closed","template":"","meta":{"inline_featured_image":false,"_uag_custom_page_level_css":"","site-sidebar-layout":"default","site-content-layout":"","ast-site-content-layout":"","site-content-style":"default","site-sidebar-style":"default","ast-global-header-display":"","ast-banner-title-visibility":"","ast-main-header-display":"","ast-hfb-above-header-display":"","ast-hfb-below-header-display":"","ast-hfb-mobile-header-display":"","site-post-title":"disabled","ast-breadcrumbs-content":"","ast-featured-img":"","footer-sml-layout":"","theme-transparent-header-meta":"","adv-header-id-meta":"","stick-header-meta":"","header-above-stick-meta":"","header-main-stick-meta":"","header-below-stick-meta":"","astra-migrate-meta-layouts":"default","ast-page-background-enabled":"default","ast-page-background-meta":{"desktop":{"background-color":"var(--ast-global-color-4)","background-image":"","background-repeat":"repeat","background-position":"center center","background-size":"auto","background-attachment":"scroll","background-type":"","background-media":"","overlay-type":"","overlay-color":"","overlay-gradient":""},"tablet":{"background-color":"","background-image":"","background-repeat":"repeat","background-position":"center center","background-size":"auto","background-attachment":"scroll","background-type":"","background-media":"","overlay-type":"","overlay-color":"","overlay-gradient":""},"mobile":{"background-color":"","background-image":"","background-repeat":"repeat","background-position":"center center","background-size":"auto","background-attachment":"scroll","background-type":"","background-media":"","overlay-type":"","overlay-color":"","overlay-gradient":""}},"ast-content-background-meta":{"desktop":{"background-color":"var(--ast-global-color-5)","background-image":"","background-repeat":"repeat","background-position":"center center","background-size":"auto","background-attachment":"scroll","background-type":"","background-media":"","overlay-type":"","overlay-color":"","overlay-gradient":""},"tablet":{"background-color":"var(--ast-global-color-5)","background-image":"","background-repeat":"repeat","background-position":"center center","background-size":"auto","background-attachment":"scroll","background-type":"","background-media":"","overlay-type":"","overlay-color":"","overlay-gradient":""},"mobile":{"background-color":"var(--ast-global-color-5)","background-image":"","background-repeat":"repeat","background-position":"center center","background-size":"auto","background-attachment":"scroll","background-type":"","background-media":"","overlay-type":"","overlay-color":"","overlay-gradient":""}},"footnotes":""},"class_list":["post-40","page","type-page","status-publish","hentry"],"uagb_featured_image_src":{"full":false,"thumbnail":false,"medium":false,"medium_large":false,"large":false,"1536x1536":false,"2048x2048":false},"uagb_author_info":{"display_name":"Schrattenecker Consulting GmbH","author_link":"https:\/\/www.schrattenecker-consulting.com\/224\/author\/f1ndw3rk3r"},"uagb_comment_info":0,"uagb_excerpt":null,"_links":{"self":[{"href":"https:\/\/www.schrattenecker-consulting.com\/224\/wp-json\/wp\/v2\/pages\/40","targetHints":{"allow":["GET"]}}],"collection":[{"href":"https:\/\/www.schrattenecker-consulting.com\/224\/wp-json\/wp\/v2\/pages"}],"about":[{"href":"https:\/\/www.schrattenecker-consulting.com\/224\/wp-json\/wp\/v2\/types\/page"}],"author":[{"embeddable":true,"href":"https:\/\/www.schrattenecker-consulting.com\/224\/wp-json\/wp\/v2\/users\/1"}],"replies":[{"embeddable":true,"href":"https:\/\/www.schrattenecker-consulting.com\/224\/wp-json\/wp\/v2\/comments?post=40"}],"version-history":[{"count":9,"href":"https:\/\/www.schrattenecker-consulting.com\/224\/wp-json\/wp\/v2\/pages\/40\/revisions"}],"predecessor-version":[{"id":1096,"href":"https:\/\/www.schrattenecker-consulting.com\/224\/wp-json\/wp\/v2\/pages\/40\/revisions\/1096"}],"wp:attachment":[{"href":"https:\/\/www.schrattenecker-consulting.com\/224\/wp-json\/wp\/v2\/media?parent=40"}],"curies":[{"name":"wp","href":"https:\/\/api.w.org\/{rel}","templated":true}]}}