{"id":51,"date":"2024-01-05T07:20:36","date_gmt":"2024-01-05T06:20:36","guid":{"rendered":"https:\/\/www.schrattenecker-consulting.com\/224\/?page_id=51"},"modified":"2024-01-20T09:43:40","modified_gmt":"2024-01-20T08:43:40","slug":"team","status":"publish","type":"page","link":"https:\/\/www.schrattenecker-consulting.com\/224\/team","title":{"rendered":"Team"},"content":{"rendered":"\n<div class=\"wp-block-cover alignfull has-custom-content-position is-position-bottom-center\" style=\"padding-top:35vh;padding-bottom:0px;min-height:50px;aspect-ratio:unset;\"><span aria-hidden=\"true\" class=\"wp-block-cover__background has-ast-global-color-3-background-color has-background-dim-20 has-background-dim\"><\/span><img loading=\"lazy\" decoding=\"async\" width=\"2400\" height=\"1200\" class=\"wp-block-cover__image-background wp-image-431\" alt=\"\" src=\"https:\/\/www.schrattenecker-consulting.com\/224\/wp-content\/uploads\/2024\/01\/schrattenecker-consulting_uni-blenden.webp\" data-object-fit=\"cover\" srcset=\"https:\/\/www.schrattenecker-consulting.com\/224\/wp-content\/uploads\/2024\/01\/schrattenecker-consulting_uni-blenden.webp 2400w, https:\/\/www.schrattenecker-consulting.com\/224\/wp-content\/uploads\/2024\/01\/schrattenecker-consulting_uni-blenden-300x150.webp 300w, https:\/\/www.schrattenecker-consulting.com\/224\/wp-content\/uploads\/2024\/01\/schrattenecker-consulting_uni-blenden-1024x512.webp 1024w, https:\/\/www.schrattenecker-consulting.com\/224\/wp-content\/uploads\/2024\/01\/schrattenecker-consulting_uni-blenden-768x384.webp 768w, https:\/\/www.schrattenecker-consulting.com\/224\/wp-content\/uploads\/2024\/01\/schrattenecker-consulting_uni-blenden-1536x768.webp 1536w, https:\/\/www.schrattenecker-consulting.com\/224\/wp-content\/uploads\/2024\/01\/schrattenecker-consulting_uni-blenden-2048x1024.webp 2048w\" sizes=\"auto, (max-width: 2400px) 100vw, 2400px\" \/><div class=\"wp-block-cover__inner-container is-layout-constrained wp-block-cover-is-layout-constrained\">\n<div class=\"wp-block-columns is-layout-flex wp-container-core-columns-is-layout-cce85c8d wp-block-columns-is-layout-flex\" style=\"margin-top:0px;margin-bottom:0px;padding-top:0px;padding-right:0px;padding-bottom:0px;padding-left:0px\">\n<div class=\"wp-block-column has-ast-global-color-5-background-color has-background is-layout-flow wp-block-column-is-layout-flow\" style=\"border-right-style:none;border-right-width:0px;padding-top:var(--wp--preset--spacing--80);padding-right:var(--wp--preset--spacing--60);padding-bottom:var(--wp--preset--spacing--30);padding-left:var(--wp--preset--spacing--60);flex-basis:100%\">\n<h1 class=\"wp-block-heading has-ast-global-color-2-color has-text-color has-link-color has-x-large-font-size wp-elements-38713a0c1c3c427cf18f63ea212ed2d2\" style=\"margin-top:0px;margin-bottom:0px;padding-top:0px;padding-bottom:0px\">Unser Team<\/h1>\n<\/div>\n<\/div>\n<\/div><\/div>\n\n\n\n<div class=\"wp-block-cover alignfull\" style=\"margin-top:0px;margin-bottom:0px;padding-top:0px;padding-right:0px;padding-bottom:0px;padding-left:0px\"><span aria-hidden=\"true\" class=\"wp-block-cover__background has-ast-global-color-4-background-color has-background-dim-100 has-background-dim\"><\/span><div class=\"wp-block-cover__inner-container is-layout-constrained wp-container-core-cover-is-layout-3228b377 wp-block-cover-is-layout-constrained\">\n<div class=\"wp-block-cover alignfull has-custom-content-position is-position-top-center\" style=\"padding-top:0;padding-right:0;padding-bottom:0;padding-left:0\"><span aria-hidden=\"true\" class=\"wp-block-cover__background has-ast-global-color-5-background-color has-background-dim-100 has-background-dim\"><\/span><div class=\"wp-block-cover__inner-container is-layout-constrained wp-container-core-cover-is-layout-2953de2f wp-block-cover-is-layout-constrained\">\n<div class=\"wp-block-uagb-container uagb-block-8960acab alignfull uagb-is-root-container\"><div class=\"uagb-container-inner-blocks-wrap\">\n<h2 class=\"wp-block-heading has-text-align-left has-ast-global-color-2-color has-text-color has-link-color has-medium-font-size wp-elements-556b69b91c120df9ab7af5d371c10e99\">Schrattenecker <strong>Consulting<\/strong> GmbH<\/h2>\n\n\n\n<div class=\"wp-block-uagb-team uagb-team__image-position-left uagb-team__align-left uagb-team__stack-tablet uagb-block-3f5223dc\"><img decoding=\"async\" class=\"uagb-team__image-crop-normal\" src=\"https:\/\/www.schrattenecker-consulting.com\/224\/wp-content\/uploads\/2024\/01\/Heike_k.png\" alt=\"\" height=\"300\" width=\"300\" loading=\"lazy\"\/><div class=\"uagb-team__content\"><h3 class=\"uagb-team__title\"><strong>Dr. Heike Schrattenecker<\/strong><\/h3><span class=\"uagb-team__prefix\">Gesch\u00e4ftsf\u00fchrung Schrattenecker-Consulting<\/span><p class=\"uagb-team__desc\">Heike Schrattenecker machte ihren Abschluss in Wirtschaftspsychologie an der Universit\u00e4t Salzburg, bildete sich an den renommierten Fachinstituten f\u00fcr Organisationsentwicklung weiter und erg\u00e4nzte ihr Management Know-how an der Harvard Business School in Boston. Des Weiteren ist sie zertifizierte Arbeits- und Organisationspsychologin.<br><br>In mehr als 25 Jahren hat Frau Schrattenecker im Bereich der nationalen und internationalen Besetzung von Spezialisten und F\u00fchrungskr\u00e4ften reichlich branchen\u00fcbergreifende Erfahrung gesammelt. Ihre praktischen Kenntnisse in allen Gebieten des Human Ressource erarbeitete sie sich sowohl als Personalleiterin als auch in operativen F\u00fchrungspositionen. Hierbei war sie in der Industrie, dem Handel, der Automobilzulieferbranche, in einem international agierenden Energiekonzern sowie im Baugewerbe t\u00e4tig. F\u00fcr die Wirtschaftskammer f\u00fchrt Sie Potenzialanalysen zur Karriereberatung durch.<br><br>Sie arbeitet in den Sprachen Deutsch, Englisch und Franz\u00f6sisch.<\/p><ul class=\"uagb-team__social-list\"><\/ul><\/div><\/div>\n\n\n\n<div class=\"wp-block-uagb-buttons uagb-buttons__outer-wrap uagb-btn__default-btn uagb-btn-tablet__default-btn uagb-btn-mobile__default-btn uagb-block-29dbd7d5\"><div class=\"uagb-buttons__wrap uagb-buttons-layout-wrap\">\n<div class=\"wp-block-uagb-buttons-child uagb-buttons__outer-wrap uagb-block-f3028662 wp-block-button\"><div class=\"uagb-button__wrapper\"><a class=\"uagb-buttons-repeater wp-block-button__link\" href=\"https:\/\/www.schrattenecker-consulting.com\/224\/stellenangebote\" onclick=\"return true;\" rel=\"follow noopener\" target=\"_self\"><div class=\"uagb-button__link\">aktuelle Stellenangebote<\/div><\/a><\/div><\/div>\n\n\n\n<div class=\"wp-block-uagb-buttons-child uagb-buttons__outer-wrap uagb-block-48dd11ea wp-block-button\"><div class=\"uagb-button__wrapper\"><a class=\"uagb-buttons-repeater wp-block-button__link\" href=\"https:\/\/www.schrattenecker-consulting.com\/224\/kontakt\" onclick=\"return true;\" rel=\"follow noopener\" target=\"_self\"><div class=\"uagb-button__link\">Kontakt aufnehmen<\/div><\/a><\/div><\/div>\n<\/div><\/div>\n\n\n\n<div style=\"height:65px\" aria-hidden=\"true\" class=\"wp-block-spacer\"><\/div>\n<\/div><\/div>\n\n\n\n<div class=\"wp-block-uagb-container uagb-block-44b8fca9 alignfull uagb-is-root-container\"><div class=\"uagb-container-inner-blocks-wrap\">\n<div style=\"height:65px\" aria-hidden=\"true\" class=\"wp-block-spacer\"><\/div>\n\n\n\n<div class=\"wp-block-uagb-team uagb-team__image-position-left uagb-team__align-left uagb-team__stack-tablet uagb-block-23068548\"><img decoding=\"async\" class=\"uagb-team__image-crop-normal\" src=\"https:\/\/www.schrattenecker-consulting.com\/224\/wp-content\/uploads\/2024\/01\/Stefan_k.png\" alt=\"\" height=\"300\" width=\"300\" loading=\"lazy\"\/><div class=\"uagb-team__content\"><h3 class=\"uagb-team__title\"><strong>Stefan Pockenauer<\/strong><\/h3><span class=\"uagb-team__prefix\">Consultant<\/span><p class=\"uagb-team__desc\">Herr Stefan Pockenauer ist unser Praktiker f\u00fcr den Handel. Nach \u00fcber 40-j\u00e4hriger T\u00e4tigkeit im Handel, Bereich Lebensmittel, mit F\u00fchrungsverantwortung bei Konsum und Spar, mit einer Personalf\u00fchrungsbreite von \u00fcber 1.000 Mitarbeitern, sowie der Verantwortung f\u00fcr Verbraucherm\u00e4rkte und angeschlossene Einkaufszentren, bringt Herr Pockenauer enormes Fachwissen und Erfahrung aus dieser Branche mit sich.<br><br>Die jahrzehntelange, t\u00e4gliche Arbeit mit einem gro\u00dfen Team beschert Herrn Pockenauer ein hohes Ma\u00df an Menschenkenntnis und hervorragende F\u00fchrungsqualit\u00e4ten. Die Anforderungen an und Qualifikationen f\u00fcr Handelsmitarbeiter sind ihm daher bestens vertraut.<br><br>In seiner Funktion als Consultant nutzt Herr Pockenauer seine Erfahrungen, um qualifizierte, geeignete Mitarbeiter f\u00fcr F\u00fchrungspositionen im Bereich Handel zu vermitteln.<br><br>Darum habe ich beschlossen Teil von Schrattenecker Consulting zu werden:<br>Da ich in meiner aktiven T\u00e4tigkeit im Handel bereits als Kunde gute Erfahrungen mit der Firma Schrattenecker Consulting gemacht habe, ist es mir eine Freude, jetzt nach meiner Pensionierung Frau Dr. Schrattenecker und ihr Team mit meinem Wissen und meiner Erfahrung zu unterst\u00fctzen.<\/p><ul class=\"uagb-team__social-list\"><\/ul><\/div><\/div>\n\n\n\n<div class=\"wp-block-uagb-buttons uagb-buttons__outer-wrap uagb-btn__default-btn uagb-btn-tablet__default-btn uagb-btn-mobile__default-btn uagb-block-1c2ed294\"><div class=\"uagb-buttons__wrap uagb-buttons-layout-wrap\">\n<div class=\"wp-block-uagb-buttons-child uagb-buttons__outer-wrap uagb-block-33a71fab wp-block-button\"><div class=\"uagb-button__wrapper\"><a class=\"uagb-buttons-repeater wp-block-button__link\" href=\"https:\/\/www.schrattenecker-consulting.com\/224\/stellenangebote\" onclick=\"return true;\" rel=\"follow noopener\" target=\"_self\"><div class=\"uagb-button__link\">aktuelle Stellenangebote<\/div><\/a><\/div><\/div>\n\n\n\n<div class=\"wp-block-uagb-buttons-child uagb-buttons__outer-wrap uagb-block-d6409fdf wp-block-button\"><div class=\"uagb-button__wrapper\"><a class=\"uagb-buttons-repeater wp-block-button__link\" href=\"https:\/\/www.schrattenecker-consulting.com\/224\/kontakt\" onclick=\"return true;\" rel=\"follow noopener\" target=\"_self\"><div class=\"uagb-button__link\">Kontakt aufnehmen<\/div><\/a><\/div><\/div>\n<\/div><\/div>\n\n\n\n<div style=\"height:65px\" aria-hidden=\"true\" class=\"wp-block-spacer\"><\/div>\n\n\n\n<div class=\"wp-block-uagb-team uagb-team__image-position-left uagb-team__align-left uagb-team__stack-tablet uagb-block-b3c6590d\"><img decoding=\"async\" class=\"uagb-team__image-crop-normal\" src=\"https:\/\/www.schrattenecker-consulting.com\/224\/wp-content\/uploads\/2024\/01\/cjorigtransp.png\" alt=\"\" height=\"300\" width=\"300\" loading=\"lazy\"\/><div class=\"uagb-team__content\"><h3 class=\"uagb-team__title\"><strong>Christian Jarolim<\/strong><\/h3><span class=\"uagb-team__prefix\">Digitales Bewerbermanagement<\/span><p class=\"uagb-team__desc\">Christian Jarolim hat \u00fcber 25 Jahre zumeist selbstst\u00e4ndige Berufserfahrung in der IT, ausgerichtet auf die Pr\u00e4sentation von Unternehmen und Organisationen und die Optimierung ihrer digitalen Gesch\u00e4ftsprozesse. Er wurde f\u00fcr die strategische Weiterentwicklung der Unternehmens-IT geholt und unterst\u00fctzt uns vorrangig bei der digitalen Suche nach geeigneten BewerberInnen.<br><br>Darum habe ich beschlossen Teil von Schrattenecker Consulting zu werden:<br>Die Schrattenecker Consulting GmbH durfte ich \u00fcber Auftr\u00e4ge schon vorher als IT-technisch ausgezeichnet entwickelte Organisation kennenlernen und mir hat gleich von Anfang an das ausdr\u00fcckliche Bestreben gefallen, ihre KundInnen und BewerberInnen sehr pers\u00f6nlich zu betreuen und sich die dazu notwendige Zeit f\u00fcr effektive, digitalisierte Gesch\u00e4ftsprozesse zu nehmen.<br><br>Ich freue mich jetzt darauf, mit dem Team die Suche nach Talenten voranzutreiben und den laufenden IT-Betrieb noch effektiver zu gestalten.<\/p><ul class=\"uagb-team__social-list\"><\/ul><\/div><\/div>\n\n\n\n<div class=\"wp-block-uagb-buttons uagb-buttons__outer-wrap uagb-btn__default-btn uagb-btn-tablet__default-btn uagb-btn-mobile__default-btn uagb-block-c25810d1\"><div class=\"uagb-buttons__wrap uagb-buttons-layout-wrap\">\n<div class=\"wp-block-uagb-buttons-child uagb-buttons__outer-wrap uagb-block-e4ee9dc8 wp-block-button\"><div class=\"uagb-button__wrapper\"><a class=\"uagb-buttons-repeater wp-block-button__link\" href=\"https:\/\/www.schrattenecker-consulting.com\/224\/stellenangebote\" onclick=\"return true;\" rel=\"follow noopener\" target=\"_self\"><div class=\"uagb-button__link\">aktuelle Stellenangebote<\/div><\/a><\/div><\/div>\n\n\n\n<div class=\"wp-block-uagb-buttons-child uagb-buttons__outer-wrap uagb-block-72485dca wp-block-button\"><div class=\"uagb-button__wrapper\"><a class=\"uagb-buttons-repeater wp-block-button__link\" href=\"https:\/\/www.schrattenecker-consulting.com\/224\/kontakt\" onclick=\"return true;\" rel=\"follow noopener\" target=\"_self\"><div class=\"uagb-button__link\">Kontakt aufnehmen<\/div><\/a><\/div><\/div>\n<\/div><\/div>\n\n\n\n<div style=\"height:65px\" aria-hidden=\"true\" class=\"wp-block-spacer\"><\/div>\n\n\n\n<div class=\"wp-block-uagb-team uagb-team__image-position-left uagb-team__align-left uagb-team__stack-tablet uagb-block-4c99b0a7\"><img decoding=\"async\" class=\"uagb-team__image-crop-normal\" src=\"https:\/\/www.schrattenecker-consulting.com\/224\/wp-content\/uploads\/2024\/01\/ciel.png\" alt=\"\" height=\"300\" width=\"300\" loading=\"lazy\"\/><div class=\"uagb-team__content\"><h3 class=\"uagb-team__title\"><strong>Ciel<\/strong><\/h3><span class=\"uagb-team__prefix\">Sicherheit<\/span><p class=\"uagb-team__desc\">Ciel, f\u00fcr die Sicherheit im Haus zust\u00e4ndig, bereichert seit M\u00e4rz 2019 unser Team und freut sich darauf, Sie kennenzulernen.<\/p><ul class=\"uagb-team__social-list\"><\/ul><\/div><\/div>\n\n\n\n<div class=\"wp-block-uagb-buttons uagb-buttons__outer-wrap uagb-btn__default-btn uagb-btn-tablet__default-btn uagb-btn-mobile__default-btn uagb-block-193183bf\"><div class=\"uagb-buttons__wrap uagb-buttons-layout-wrap\">\n<div class=\"wp-block-uagb-buttons-child uagb-buttons__outer-wrap uagb-block-9c5f976b wp-block-button\"><div class=\"uagb-button__wrapper\"><a class=\"uagb-buttons-repeater wp-block-button__link\" href=\"https:\/\/www.schrattenecker-consulting.com\/224\/stellenangebote\" onclick=\"return true;\" rel=\"follow noopener\" target=\"_self\"><div class=\"uagb-button__link\">aktuelle Stellenangebote<\/div><\/a><\/div><\/div>\n\n\n\n<div class=\"wp-block-uagb-buttons-child uagb-buttons__outer-wrap uagb-block-3c34d206 wp-block-button\"><div class=\"uagb-button__wrapper\"><a class=\"uagb-buttons-repeater wp-block-button__link\" href=\"https:\/\/www.schrattenecker-consulting.com\/224\/kontakt\" onclick=\"return true;\" rel=\"follow noopener\" target=\"_self\"><div class=\"uagb-button__link\">Kontakt aufnehmen<\/div><\/a><\/div><\/div>\n<\/div><\/div>\n\n\n\n<div style=\"height:65px\" aria-hidden=\"true\" class=\"wp-block-spacer\"><\/div>\n<\/div><\/div>\n<\/div><\/div>\n<\/div><\/div>\n","protected":false},"excerpt":{"rendered":"","protected":false},"author":1,"featured_media":0,"parent":0,"menu_order":50,"comment_status":"closed","ping_status":"closed","template":"","meta":{"inline_featured_image":false,"_uag_custom_page_level_css":"","site-sidebar-layout":"default","site-content-layout":"","ast-site-content-layout":"","site-content-style":"default","site-sidebar-style":"default","ast-global-header-display":"","ast-banner-title-visibility":"","ast-main-header-display":"","ast-hfb-above-header-display":"","ast-hfb-below-header-display":"","ast-hfb-mobile-header-display":"","site-post-title":"disabled","ast-breadcrumbs-content":"","ast-featured-img":"","footer-sml-layout":"","theme-transparent-header-meta":"","adv-header-id-meta":"","stick-header-meta":"","header-above-stick-meta":"","header-main-stick-meta":"","header-below-stick-meta":"","astra-migrate-meta-layouts":"default","ast-page-background-enabled":"default","ast-page-background-meta":{"desktop":{"background-color":"var(--ast-global-color-4)","background-image":"","background-repeat":"repeat","background-position":"center center","background-size":"auto","background-attachment":"scroll","background-type":"","background-media":"","overlay-type":"","overlay-color":"","overlay-gradient":""},"tablet":{"background-color":"","background-image":"","background-repeat":"repeat","background-position":"center center","background-size":"auto","background-attachment":"scroll","background-type":"","background-media":"","overlay-type":"","overlay-color":"","overlay-gradient":""},"mobile":{"background-color":"","background-image":"","background-repeat":"repeat","background-position":"center center","background-size":"auto","background-attachment":"scroll","background-type":"","background-media":"","overlay-type":"","overlay-color":"","overlay-gradient":""}},"ast-content-background-meta":{"desktop":{"background-color":"var(--ast-global-color-5)","background-image":"","background-repeat":"repeat","background-position":"center center","background-size":"auto","background-attachment":"scroll","background-type":"","background-media":"","overlay-type":"","overlay-color":"","overlay-gradient":""},"tablet":{"background-color":"var(--ast-global-color-5)","background-image":"","background-repeat":"repeat","background-position":"center center","background-size":"auto","background-attachment":"scroll","background-type":"","background-media":"","overlay-type":"","overlay-color":"","overlay-gradient":""},"mobile":{"background-color":"var(--ast-global-color-5)","background-image":"","background-repeat":"repeat","background-position":"center center","background-size":"auto","background-attachment":"scroll","background-type":"","background-media":"","overlay-type":"","overlay-color":"","overlay-gradient":""}},"footnotes":""},"class_list":["post-51","page","type-page","status-publish","hentry"],"uagb_featured_image_src":{"full":false,"thumbnail":false,"medium":false,"medium_large":false,"large":false,"1536x1536":false,"2048x2048":false},"uagb_author_info":{"display_name":"Schrattenecker Consulting GmbH","author_link":"https:\/\/www.schrattenecker-consulting.com\/224\/author\/f1ndw3rk3r"},"uagb_comment_info":0,"uagb_excerpt":null,"_links":{"self":[{"href":"https:\/\/www.schrattenecker-consulting.com\/224\/wp-json\/wp\/v2\/pages\/51","targetHints":{"allow":["GET"]}}],"collection":[{"href":"https:\/\/www.schrattenecker-consulting.com\/224\/wp-json\/wp\/v2\/pages"}],"about":[{"href":"https:\/\/www.schrattenecker-consulting.com\/224\/wp-json\/wp\/v2\/types\/page"}],"author":[{"embeddable":true,"href":"https:\/\/www.schrattenecker-consulting.com\/224\/wp-json\/wp\/v2\/users\/1"}],"replies":[{"embeddable":true,"href":"https:\/\/www.schrattenecker-consulting.com\/224\/wp-json\/wp\/v2\/comments?post=51"}],"version-history":[{"count":7,"href":"https:\/\/www.schrattenecker-consulting.com\/224\/wp-json\/wp\/v2\/pages\/51\/revisions"}],"predecessor-version":[{"id":1192,"href":"https:\/\/www.schrattenecker-consulting.com\/224\/wp-json\/wp\/v2\/pages\/51\/revisions\/1192"}],"wp:attachment":[{"href":"https:\/\/www.schrattenecker-consulting.com\/224\/wp-json\/wp\/v2\/media?parent=51"}],"curies":[{"name":"wp","href":"https:\/\/api.w.org\/{rel}","templated":true}]}}